{"id":36335,"date":"2024-05-06T13:34:43","date_gmt":"2024-05-06T17:34:43","guid":{"rendered":"https:\/\/krp.stageweb.net\/lengagement-envers-la-qualit"},"modified":"2026-01-06T11:49:53","modified_gmt":"2026-01-06T16:49:53","slug":"notre-engagement-envers-la-qualite","status":"publish","type":"page","link":"https:\/\/b-rp.com\/fr\/propos-de-nous\/notre-engagement-envers-la-qualite","title":{"rendered":"Notre engagement envers la qualit\u00e9"},"content":{"rendered":"\t\t<div data-elementor-type=\"wp-page\" data-elementor-id=\"36335\" class=\"elementor elementor-36335 elementor-4674\" data-elementor-post-type=\"page\">\n\t\t\t\t<div data-dce-background-image-url=\"https:\/\/b-rp.com\/assets\/uploads\/keeprite-quality-header.jpg\" class=\"elementor-element elementor-element-86b24de e-con-full fullSection e-flex elementor-invisible e-con e-parent\" data-id=\"86b24de\" data-element_type=\"container\" data-e-type=\"container\" data-settings=\"{&quot;background_background&quot;:&quot;classic&quot;,&quot;animation&quot;:&quot;fadeIn&quot;}\">\n\t\t<div class=\"elementor-element elementor-element-67a6743 e-flex e-con-boxed e-con e-child\" data-id=\"67a6743\" data-element_type=\"container\" data-e-type=\"container\">\n\t\t\t\t\t<div class=\"e-con-inner\">\n\t\t\t\t<div class=\"elementor-element elementor-element-5b54344 elementor-invisible elementor-widget elementor-widget-heading\" data-id=\"5b54344\" data-element_type=\"widget\" data-e-type=\"widget\" data-settings=\"{&quot;_animation&quot;:&quot;fadeInUp&quot;,&quot;_animation_delay&quot;:700}\" data-widget_type=\"heading.default\">\n\t\t\t\t<div class=\"elementor-widget-container\">\n\t\t\t\t\t<h2 class=\"elementor-heading-title elementor-size-default\">Notre engagement envers la qualit&eacute;<\/h2>\t\t\t\t<\/div>\n\t\t\t\t<\/div>\n\t\t\t\t\t<\/div>\n\t\t\t\t<\/div>\n\t\t\t\t<\/div>\n\t\t<div class=\"elementor-element elementor-element-7938dff fullSection elementor-hidden-tablet elementor-hidden-mobile e-flex e-con-boxed e-con e-parent\" data-id=\"7938dff\" data-element_type=\"container\" data-e-type=\"container\" data-settings=\"{&quot;background_background&quot;:&quot;classic&quot;,&quot;sticky&quot;:&quot;top&quot;,&quot;sticky_on&quot;:[&quot;desktop&quot;,&quot;tablet&quot;],&quot;sticky_offset&quot;:0,&quot;sticky_effects_offset&quot;:0,&quot;sticky_anchor_link_offset&quot;:0}\">\n\t\t\t\t\t<div class=\"e-con-inner\">\n\t\t\t\t<div class=\"elementor-element elementor-element-7c03e0b elementor-nav-menu--dropdown-none navUnderline elementor-widget elementor-widget-nav-menu\" data-id=\"7c03e0b\" data-element_type=\"widget\" data-e-type=\"widget\" data-settings=\"{&quot;submenu_icon&quot;:{&quot;value&quot;:&quot;&lt;i aria-hidden=\\&quot;true\\&quot; class=\\&quot;\\&quot;&gt;&lt;\\\/i&gt;&quot;,&quot;library&quot;:&quot;&quot;},&quot;layout&quot;:&quot;horizontal&quot;}\" data-widget_type=\"nav-menu.default\">\n\t\t\t\t<div class=\"elementor-widget-container\">\n\t\t\t\t\t\t\t\t<nav aria-label=\"Menu\" class=\"elementor-nav-menu--main elementor-nav-menu__container elementor-nav-menu--layout-horizontal e--pointer-none\">\n\t\t\t\t<ul id=\"menu-1-7c03e0b\" class=\"elementor-nav-menu\"><li class=\"menu-item menu-item-type-post_type menu-item-object-page menu-item-36577\"><a href=\"https:\/\/b-rp.com\/fr\/propos-de-nous\" class=\"elementor-item\">\u00c0 propos de nous<\/a><\/li>\n<li class=\"menu-item menu-item-type-post_type menu-item-object-page menu-item-36578\"><a href=\"https:\/\/b-rp.com\/fr\/propos-de-nous\/notre-engagement-envers-la-qualite\" class=\"elementor-item\">Notre engagement envers la qualit\u00e9<\/a><\/li>\n<li class=\"menu-item menu-item-type-post_type menu-item-object-page menu-item-40580\"><a href=\"https:\/\/b-rp.com\/fr\/propos-de-nous\/nouvelles-et-actualites\" class=\"elementor-item\">Nouvelles et actualit\u00e9s<\/a><\/li>\n<\/ul>\t\t\t<\/nav>\n\t\t\t\t\t\t<nav class=\"elementor-nav-menu--dropdown elementor-nav-menu__container\" aria-hidden=\"true\">\n\t\t\t\t<ul id=\"menu-2-7c03e0b\" class=\"elementor-nav-menu\"><li class=\"menu-item menu-item-type-post_type menu-item-object-page menu-item-36577\"><a href=\"https:\/\/b-rp.com\/fr\/propos-de-nous\" class=\"elementor-item\" tabindex=\"-1\">\u00c0 propos de nous<\/a><\/li>\n<li class=\"menu-item menu-item-type-post_type menu-item-object-page menu-item-36578\"><a href=\"https:\/\/b-rp.com\/fr\/propos-de-nous\/notre-engagement-envers-la-qualite\" class=\"elementor-item\" tabindex=\"-1\">Notre engagement envers la qualit\u00e9<\/a><\/li>\n<li class=\"menu-item menu-item-type-post_type menu-item-object-page menu-item-40580\"><a href=\"https:\/\/b-rp.com\/fr\/propos-de-nous\/nouvelles-et-actualites\" class=\"elementor-item\" tabindex=\"-1\">Nouvelles et actualit\u00e9s<\/a><\/li>\n<\/ul>\t\t\t<\/nav>\n\t\t\t\t\t\t<\/div>\n\t\t\t\t<\/div>\n\t\t\t\t\t<\/div>\n\t\t\t\t<\/div>\n\t\t<div class=\"elementor-element elementor-element-c691433 e-flex e-con-boxed e-con e-parent\" data-id=\"c691433\" data-element_type=\"container\" data-e-type=\"container\" data-settings=\"{&quot;background_background&quot;:&quot;classic&quot;}\">\n\t\t\t\t\t<div class=\"e-con-inner\">\n\t\t<div class=\"elementor-element elementor-element-f09a52b e-con-full e-flex e-con e-child\" data-id=\"f09a52b\" data-element_type=\"container\" data-e-type=\"container\">\n\t\t\t\t<div class=\"elementor-element elementor-element-a8eba73 elementor-widget elementor-widget-heading\" data-id=\"a8eba73\" data-element_type=\"widget\" data-e-type=\"widget\" data-widget_type=\"heading.default\">\n\t\t\t\t<div class=\"elementor-widget-container\">\n\t\t\t\t\t<div class=\"elementor-heading-title elementor-size-default\">&Eacute;NONC&Eacute; DE MISSION<\/div>\t\t\t\t<\/div>\n\t\t\t\t<\/div>\n\t\t\t\t<\/div>\n\t\t<div class=\"elementor-element elementor-element-5e88940 e-con-full e-flex e-con e-child\" data-id=\"5e88940\" data-element_type=\"container\" data-e-type=\"container\">\n\t\t\t\t<div class=\"elementor-element elementor-element-4c1e8dc elementor-widget__width-initial headline elementor-widget elementor-widget-text-editor\" data-id=\"4c1e8dc\" data-element_type=\"widget\" data-e-type=\"widget\" data-widget_type=\"text-editor.default\">\n\t\t\t\t<div class=\"elementor-widget-container\">\n\t\t\t\t\t\t\t\t\t<p>Avec une approche <strong>FLEXIBLE<\/strong> et <strong>INNOVANTE<\/strong> ainsi qu\u2019un engagement envers la <strong>QUALIT\u00c9<\/strong> et l\u2019<strong>AM\u00c9LIORATION CONTINUE<\/strong>, Bally Refrigeration s\u2019efforce de satisfaire nos CLIENTS, d\u2019\u00e9tablir des <strong>PARTENARIATS<\/strong> rentables \u00e0 long terme et de fournir un <strong>LEADERSHIP<\/strong> sur le march\u00e9.<\/p>\t\t\t\t\t\t\t\t<\/div>\n\t\t\t\t<\/div>\n\t\t\t\t<\/div>\n\t\t\t\t\t<\/div>\n\t\t\t\t<\/div>\n\t\t<div class=\"elementor-element elementor-element-b7e6e32 e-flex e-con-boxed e-con e-parent\" data-id=\"b7e6e32\" data-element_type=\"container\" data-e-type=\"container\" data-settings=\"{&quot;background_background&quot;:&quot;classic&quot;}\">\n\t\t\t\t\t<div class=\"e-con-inner\">\n\t\t<div class=\"elementor-element elementor-element-183a62c e-con-full e-flex e-con e-child\" data-id=\"183a62c\" data-element_type=\"container\" data-e-type=\"container\">\n\t\t\t\t<div class=\"elementor-element elementor-element-ba30802 elementor-widget elementor-widget-heading\" data-id=\"ba30802\" data-element_type=\"widget\" data-e-type=\"widget\" data-widget_type=\"heading.default\">\n\t\t\t\t<div class=\"elementor-widget-container\">\n\t\t\t\t\t<div class=\"elementor-heading-title elementor-size-default\">RELEVER LA BARRE<\/div>\t\t\t\t<\/div>\n\t\t\t\t<\/div>\n\t\t\t\t<\/div>\n\t\t<div class=\"elementor-element elementor-element-7818cdb e-con-full e-flex e-con e-child\" data-id=\"7818cdb\" data-element_type=\"container\" data-e-type=\"container\">\n\t\t\t\t<div class=\"elementor-element elementor-element-c60ef80 elementor-widget elementor-widget-heading\" data-id=\"c60ef80\" data-element_type=\"widget\" data-e-type=\"widget\" data-widget_type=\"heading.default\">\n\t\t\t\t<div class=\"elementor-widget-container\">\n\t\t\t\t\t<div class=\"elementor-heading-title elementor-size-default\">Notre engagement envers un syst&egrave;me de gestion de la qualit&eacute;<\/div>\t\t\t\t<\/div>\n\t\t\t\t<\/div>\n\t\t\t\t<div class=\"elementor-element elementor-element-d1fdbed elementor-widget__width-initial elementor-widget-tablet__width-inherit elementor-widget elementor-widget-text-editor\" data-id=\"d1fdbed\" data-element_type=\"widget\" data-e-type=\"widget\" data-widget_type=\"text-editor.default\">\n\t\t\t\t<div class=\"elementor-widget-container\">\n\t\t\t\t\t\t\t\t\t<p>Notre syst&egrave;me de gestion de la qualit&eacute; est conforme aux exigences de la norme ISO 9001:2015 pour la conception, la fabrication et la livraison d&rsquo;&eacute;quipements de r&eacute;frig&eacute;ration commerciale (dont les composants de remplacement et d&rsquo;entretien).<\/p>\n<p>Pour nous, cela signifie mettre en &oelig;uvre un syst&egrave;me de gestion de la qualit&eacute; (SGQ) efficace et certifi&eacute; par un tiers qui nous permet de rester concentr&eacute;s sur les domaines importants de nos activit&eacute;s : am&eacute;liorer l&rsquo;efficacit&eacute; et la productivit&eacute; et r&eacute;duire les d&eacute;chets. Les processus de gestion que nous avons mis en place garantissent des r&eacute;sultats coh&eacute;rents (qui sont surveill&eacute;s et mesur&eacute;s), une meilleure communication et accordent la priorit&eacute; au client.<\/p>\n\t\t\t\t\t\t\t\t<\/div>\n\t\t\t\t<\/div>\n\t\t\t\t<div class=\"elementor-element elementor-element-5d077c9 elementor-widget elementor-widget-heading\" data-id=\"5d077c9\" data-element_type=\"widget\" data-e-type=\"widget\" data-widget_type=\"heading.default\">\n\t\t\t\t<div class=\"elementor-widget-container\">\n\t\t\t\t\t<div class=\"elementor-heading-title elementor-size-default\">Qu&rsquo;est-ce que cela signifie pour nos clients?<\/div>\t\t\t\t<\/div>\n\t\t\t\t<\/div>\n\t\t\t\t<div class=\"elementor-element elementor-element-b96b466 elementor-widget__width-initial elementor-widget-tablet__width-inherit elementor-widget elementor-widget-text-editor\" data-id=\"b96b466\" data-element_type=\"widget\" data-e-type=\"widget\" data-widget_type=\"text-editor.default\">\n\t\t\t\t<div class=\"elementor-widget-container\">\n\t\t\t\t\t\t\t\t\t<p>Il s&rsquo;agit globalement de satisfaire les exigences r&eacute;glementaires, de r&eacute;pondre aux attentes des clients et d&rsquo;assurer leur satisfaction.<\/p>\n<p>Nous avons recours &agrave; l&rsquo;am&eacute;lioration continue, ce qui garantit que nos clients re&ccedil;oivent des produits qui r&eacute;pondent &agrave; leurs exigences et que nous offrons des performances constantes. C&rsquo;est un effort continu &ndash; car il y a toujours place &agrave; l&rsquo;am&eacute;lioration &ndash; en proc&eacute;dant &agrave; des v&eacute;rifications internes et des &eacute;valuations de gestion, en &eacute;coutant les commentaires des clients et en assurant un suivi et des mesures coh&eacute;rentes pour d&eacute;terminer les domaines sur lesquels nous devons concentrer nos efforts.<\/p>\n\t\t\t\t\t\t\t\t<\/div>\n\t\t\t\t<\/div>\n\t\t\t\t<\/div>\n\t\t\t\t\t<\/div>\n\t\t\t\t<\/div>\n\t\t<div class=\"elementor-element elementor-element-ed1b268 e-flex e-con-boxed e-con e-parent\" data-id=\"ed1b268\" data-element_type=\"container\" data-e-type=\"container\">\n\t\t\t\t\t<div class=\"e-con-inner\">\n\t\t<div class=\"elementor-element elementor-element-b47cb2e e-con-full e-flex e-con e-child\" data-id=\"b47cb2e\" data-element_type=\"container\" data-e-type=\"container\">\n\t\t\t\t<div class=\"elementor-element elementor-element-19247c8 elementor-widget elementor-widget-heading\" data-id=\"19247c8\" data-element_type=\"widget\" data-e-type=\"widget\" data-widget_type=\"heading.default\">\n\t\t\t\t<div class=\"elementor-widget-container\">\n\t\t\t\t\t<div class=\"elementor-heading-title elementor-size-default\">Liens suppl&eacute;mentaires<\/div>\t\t\t\t<\/div>\n\t\t\t\t<\/div>\n\t\t\t\t<\/div>\n\t\t<div class=\"elementor-element elementor-element-6da72d8 e-con-full e-flex e-con e-child\" data-id=\"6da72d8\" data-element_type=\"container\" data-e-type=\"container\">\n\t\t<a data-dce-background-color=\"#FFFFFF00\" data-dce-background-hover-color=\"#FFFFFF\" class=\"elementor-element elementor-element-aa54e6a e-con-full hoverAccent e-flex e-con e-child\" data-id=\"aa54e6a\" data-element_type=\"container\" data-e-type=\"container\" data-settings=\"{&quot;background_background&quot;:&quot;classic&quot;}\" href=\"\/fr\/usine-de-brantford-ont\" role=\"button\" aria-label=\"opens a new window\">\n\t\t\t\t<div class=\"elementor-element elementor-element-8bef5f0 elementor-view-default elementor-widget elementor-widget-icon\" data-id=\"8bef5f0\" data-element_type=\"widget\" data-e-type=\"widget\" data-widget_type=\"icon.default\">\n\t\t\t\t<div class=\"elementor-widget-container\">\n\t\t\t\t\t\t\t<div class=\"elementor-icon-wrapper\">\n\t\t\t<div class=\"elementor-icon\">\n\t\t\t<svg xmlns=\"http:\/\/www.w3.org\/2000\/svg\" xmlns:xlink=\"http:\/\/www.w3.org\/1999\/xlink\" x=\"0px\" y=\"0px\" viewBox=\"0 0 45.7 49.5\" style=\"enable-background:new 0 0 45.7 49.5;\" xml:space=\"preserve\"><g>\t<path d=\"M33.8,27.9c-0.6-0.1-1.2,0.1-1.7,0.5c-0.5,0.4-0.6,1-0.6,1.6c0,1.4,0.1,2.8,0.1,4.2v2.3  c0,1-0.8,1.4-1.8,1.4H13.2c-1,0-1.5-0.4-1.5-1.4V19.9c0-1,0.5-1.9,1.5-1.9h2.1c1.5,0,3,0.2,4.5,0.2c1.2,0,2.1-0.8,2.1-2  c0-1.2-0.9-2-2.1-2l-0.7,0c-2,0-4.1,0-6.1,0c-2.5,0-4.7,1.7-5.3,4.2c0,0.1-0.1,0.3-0.1,0.4l0,0.2l0,18.2l0.1,0.3  c0,0.2,0.1,0.3,0.1,0.5c0.6,2.1,2.3,3.7,4.6,4.1l18.4,0l0.2-0.1c2.3-0.3,4.1-2,4.6-4.3c0.1-0.7,0.1-1.4,0.1-2.1l0-0.4  c0-1.8,0-3.7,0-5.5C35.5,28.9,34.8,28.1,33.8,27.9z\"><\/path>\t<path d=\"M38.9,12.5c-0.2-0.5-0.4-1-1.1-1.4C37.7,11,37.6,11,37.5,11l-0.1-0.1l-11,0l-0.2,0c-0.1,0-0.1,0.1-0.2,0.1  c-0.2,0.1-0.4,0.1-0.5,0.3c-0.7,0.5-1.1,1.4-0.8,2.3c0.3,0.9,1.1,1.5,2,1.5c1.4,0,2.7,0,4.1,0h1.1c-4.4,5-8.9,8.9-13.3,13.3  c-0.1,0.1-0.2,0.2-0.3,0.3c-0.4,0.5-0.6,1.3-0.4,1.9c0.2,0.7,0.7,1.2,1.4,1.3c0.2,0.1,0.4,0.1,0.6,0.1c0.6,0,1.1-0.2,1.6-0.7  c3.6-3.7,7.2-7.3,10.9-11l2.4-2.4v1.3c0,1.3,0.1,2.6,0.1,3.9c0,0.7,0.4,1.4,0.9,1.7c0.6,0.4,1.3,0.5,1.9,0.2  c0.7-0.3,1.1-0.8,1.3-1.5l0-10.9L38.9,12.5z\"><\/path><\/g><\/svg>\t\t\t<\/div>\n\t\t<\/div>\n\t\t\t\t\t\t<\/div>\n\t\t\t\t<\/div>\n\t\t\t\t<div class=\"elementor-element elementor-element-4ab3574 elementor-widget__width-inherit titleButton elementor-widget elementor-widget-heading\" data-id=\"4ab3574\" data-element_type=\"widget\" data-e-type=\"widget\" data-widget_type=\"heading.default\">\n\t\t\t\t<div class=\"elementor-widget-container\">\n\t\t\t\t\t<div class=\"elementor-heading-title elementor-size-default\">&Agrave; propos de notre usine de Brantford ON<\/div>\t\t\t\t<\/div>\n\t\t\t\t<\/div>\n\t\t\t\t<\/a>\n\t\t<a data-dce-background-color=\"#FFFFFF00\" data-dce-background-hover-color=\"#FFFFFF\" class=\"elementor-element elementor-element-0a7773f e-con-full hoverAccent e-flex e-con e-child\" data-id=\"0a7773f\" data-element_type=\"container\" data-e-type=\"container\" data-settings=\"{&quot;background_background&quot;:&quot;classic&quot;}\" href=\"\/fr\/propos-de-nous\/usine-de-kilgore-tx\" role=\"button\" aria-label=\"opens a new window\">\n\t\t\t\t<div class=\"elementor-element elementor-element-b956053 elementor-view-default elementor-widget elementor-widget-icon\" data-id=\"b956053\" data-element_type=\"widget\" data-e-type=\"widget\" data-widget_type=\"icon.default\">\n\t\t\t\t<div class=\"elementor-widget-container\">\n\t\t\t\t\t\t\t<div class=\"elementor-icon-wrapper\">\n\t\t\t<div class=\"elementor-icon\">\n\t\t\t<svg xmlns=\"http:\/\/www.w3.org\/2000\/svg\" xmlns:xlink=\"http:\/\/www.w3.org\/1999\/xlink\" x=\"0px\" y=\"0px\" viewBox=\"0 0 45.7 49.5\" style=\"enable-background:new 0 0 45.7 49.5;\" xml:space=\"preserve\"><g>\t<path d=\"M33.8,27.9c-0.6-0.1-1.2,0.1-1.7,0.5c-0.5,0.4-0.6,1-0.6,1.6c0,1.4,0.1,2.8,0.1,4.2v2.3  c0,1-0.8,1.4-1.8,1.4H13.2c-1,0-1.5-0.4-1.5-1.4V19.9c0-1,0.5-1.9,1.5-1.9h2.1c1.5,0,3,0.2,4.5,0.2c1.2,0,2.1-0.8,2.1-2  c0-1.2-0.9-2-2.1-2l-0.7,0c-2,0-4.1,0-6.1,0c-2.5,0-4.7,1.7-5.3,4.2c0,0.1-0.1,0.3-0.1,0.4l0,0.2l0,18.2l0.1,0.3  c0,0.2,0.1,0.3,0.1,0.5c0.6,2.1,2.3,3.7,4.6,4.1l18.4,0l0.2-0.1c2.3-0.3,4.1-2,4.6-4.3c0.1-0.7,0.1-1.4,0.1-2.1l0-0.4  c0-1.8,0-3.7,0-5.5C35.5,28.9,34.8,28.1,33.8,27.9z\"><\/path>\t<path d=\"M38.9,12.5c-0.2-0.5-0.4-1-1.1-1.4C37.7,11,37.6,11,37.5,11l-0.1-0.1l-11,0l-0.2,0c-0.1,0-0.1,0.1-0.2,0.1  c-0.2,0.1-0.4,0.1-0.5,0.3c-0.7,0.5-1.1,1.4-0.8,2.3c0.3,0.9,1.1,1.5,2,1.5c1.4,0,2.7,0,4.1,0h1.1c-4.4,5-8.9,8.9-13.3,13.3  c-0.1,0.1-0.2,0.2-0.3,0.3c-0.4,0.5-0.6,1.3-0.4,1.9c0.2,0.7,0.7,1.2,1.4,1.3c0.2,0.1,0.4,0.1,0.6,0.1c0.6,0,1.1-0.2,1.6-0.7  c3.6-3.7,7.2-7.3,10.9-11l2.4-2.4v1.3c0,1.3,0.1,2.6,0.1,3.9c0,0.7,0.4,1.4,0.9,1.7c0.6,0.4,1.3,0.5,1.9,0.2  c0.7-0.3,1.1-0.8,1.3-1.5l0-10.9L38.9,12.5z\"><\/path><\/g><\/svg>\t\t\t<\/div>\n\t\t<\/div>\n\t\t\t\t\t\t<\/div>\n\t\t\t\t<\/div>\n\t\t\t\t<div class=\"elementor-element elementor-element-db9a46d elementor-widget__width-inherit titleButton elementor-widget elementor-widget-heading\" data-id=\"db9a46d\" data-element_type=\"widget\" data-e-type=\"widget\" data-widget_type=\"heading.default\">\n\t\t\t\t<div class=\"elementor-widget-container\">\n\t\t\t\t\t<div class=\"elementor-heading-title elementor-size-default\">&Agrave; propos de notre usine de Kilgore TX<\/div>\t\t\t\t<\/div>\n\t\t\t\t<\/div>\n\t\t\t\t<\/a>\n\t\t\t\t<\/div>\n\t\t\t\t\t<\/div>\n\t\t\t\t<\/div>\n\t\t\t\t<\/div>\n\t\t","protected":false},"excerpt":{"rendered":"<p>Notre engagement envers la qualit&eacute; &Eacute;NONC&Eacute; DE MISSION Avec une approche FLEXIBLE et INNOVANTE ainsi qu\u2019un engagement envers la QUALIT\u00c9 et l\u2019AM\u00c9LIORATION CONTINUE, Bally Refrigeration s\u2019efforce de satisfaire nos CLIENTS, d\u2019\u00e9tablir des PARTENARIATS rentables \u00e0 long terme et de fournir un LEADERSHIP sur le march\u00e9. RELEVER LA BARRE Notre engagement envers un syst&egrave;me de gestion [&hellip;]<\/p>\n","protected":false},"author":1,"featured_media":0,"parent":36348,"menu_order":0,"comment_status":"closed","ping_status":"closed","template":"","meta":{"_acf_changed":false,"footnotes":""},"class_list":["post-36335","page","type-page","status-publish","hentry"],"acf":[],"yoast_head":"<!-- This site is optimized with the Yoast SEO Premium plugin v27.3 (Yoast SEO v27.3) - https:\/\/yoast.com\/product\/yoast-seo-premium-wordpress\/ -->\n<title>Notre engagement envers la qualit\u00e9 | Bally Refrigeration<\/title>\n<meta name=\"robots\" content=\"index, follow, max-snippet:-1, max-image-preview:large, max-video-preview:-1\" \/>\n<link rel=\"canonical\" href=\"https:\/\/b-rp.com\/fr\/propos-de-nous\/notre-engagement-envers-la-qualite\" \/>\n<meta property=\"og:locale\" content=\"fr_FR\" \/>\n<meta property=\"og:type\" content=\"article\" \/>\n<meta property=\"og:title\" content=\"Notre engagement envers la qualit\u00e9\" \/>\n<meta property=\"og:description\" content=\"Notre engagement envers la qualit&eacute; &Eacute;NONC&Eacute; DE MISSION Avec une approche FLEXIBLE et INNOVANTE ainsi qu\u2019un engagement envers la QUALIT\u00c9 et l\u2019AM\u00c9LIORATION CONTINUE, Bally Refrigeration s\u2019efforce de satisfaire nos CLIENTS, d\u2019\u00e9tablir des PARTENARIATS rentables \u00e0 long terme et de fournir un LEADERSHIP sur le march\u00e9. RELEVER LA BARRE Notre engagement envers un syst&egrave;me de gestion [&hellip;]\" \/>\n<meta property=\"og:url\" content=\"https:\/\/b-rp.com\/fr\/propos-de-nous\/notre-engagement-envers-la-qualite\" \/>\n<meta property=\"og:site_name\" content=\"Bally Refrigeration\" \/>\n<meta property=\"article:modified_time\" content=\"2026-01-06T16:49:53+00:00\" \/>\n<meta name=\"twitter:card\" content=\"summary_large_image\" \/>\n<meta name=\"twitter:label1\" content=\"Dur\u00e9e de lecture estim\u00e9e\" \/>\n\t<meta name=\"twitter:data1\" content=\"2 minutes\" \/>\n<script type=\"application\/ld+json\" class=\"yoast-schema-graph\">{\"@context\":\"https:\\\/\\\/schema.org\",\"@graph\":[{\"@type\":\"WebPage\",\"@id\":\"https:\\\/\\\/b-rp.com\\\/fr\\\/propos-de-nous\\\/notre-engagement-envers-la-qualite\",\"url\":\"https:\\\/\\\/b-rp.com\\\/fr\\\/propos-de-nous\\\/notre-engagement-envers-la-qualite\",\"name\":\"Notre engagement envers la qualit\u00e9 | Bally Refrigeration\",\"isPartOf\":{\"@id\":\"https:\\\/\\\/b-rp.com\\\/fr#website\"},\"datePublished\":\"2024-05-06T17:34:43+00:00\",\"dateModified\":\"2026-01-06T16:49:53+00:00\",\"breadcrumb\":{\"@id\":\"https:\\\/\\\/b-rp.com\\\/fr\\\/propos-de-nous\\\/notre-engagement-envers-la-qualite#breadcrumb\"},\"inLanguage\":\"fr-FR\",\"potentialAction\":[{\"@type\":\"ReadAction\",\"target\":[\"https:\\\/\\\/b-rp.com\\\/fr\\\/propos-de-nous\\\/notre-engagement-envers-la-qualite\"]}]},{\"@type\":\"BreadcrumbList\",\"@id\":\"https:\\\/\\\/b-rp.com\\\/fr\\\/propos-de-nous\\\/notre-engagement-envers-la-qualite#breadcrumb\",\"itemListElement\":[{\"@type\":\"ListItem\",\"position\":1,\"name\":\"Page d'accueil\",\"item\":\"https:\\\/\\\/b-rp.com\\\/fr\"},{\"@type\":\"ListItem\",\"position\":2,\"name\":\"\u00c0 propos de nous\",\"item\":\"https:\\\/\\\/b-rp.com\\\/fr\\\/propos-de-nous\"},{\"@type\":\"ListItem\",\"position\":3,\"name\":\"Notre engagement envers la qualit\u00e9\"}]},{\"@type\":\"WebSite\",\"@id\":\"https:\\\/\\\/b-rp.com\\\/fr#website\",\"url\":\"https:\\\/\\\/b-rp.com\\\/fr\",\"name\":\"Bally Refrigeration\",\"description\":\"For 80 years, KeepRite Refrigeration has been a leader in the commercial refrigeration industry, offering solutions that best suit your needs.\",\"publisher\":{\"@id\":\"https:\\\/\\\/b-rp.com\\\/fr#organization\"},\"potentialAction\":[{\"@type\":\"SearchAction\",\"target\":{\"@type\":\"EntryPoint\",\"urlTemplate\":\"https:\\\/\\\/b-rp.com\\\/fr?s={search_term_string}\"},\"query-input\":{\"@type\":\"PropertyValueSpecification\",\"valueRequired\":true,\"valueName\":\"search_term_string\"}}],\"inLanguage\":\"fr-FR\"},{\"@type\":\"Organization\",\"@id\":\"https:\\\/\\\/b-rp.com\\\/fr#organization\",\"name\":\"Bally Refrigeration\",\"url\":\"https:\\\/\\\/b-rp.com\\\/fr\",\"logo\":{\"@type\":\"ImageObject\",\"inLanguage\":\"fr-FR\",\"@id\":\"https:\\\/\\\/b-rp.com\\\/fr#\\\/schema\\\/logo\\\/image\\\/\",\"url\":\"https:\\\/\\\/b-rp.com\\\/assets\\\/uploads\\\/bally-logo.png\",\"contentUrl\":\"https:\\\/\\\/b-rp.com\\\/assets\\\/uploads\\\/bally-logo.png\",\"width\":512,\"height\":299,\"caption\":\"Bally Refrigeration\"},\"image\":{\"@id\":\"https:\\\/\\\/b-rp.com\\\/fr#\\\/schema\\\/logo\\\/image\\\/\"}}]}<\/script>\n<!-- \/ Yoast SEO Premium plugin. -->","yoast_head_json":{"title":"Notre engagement envers la qualit\u00e9 | Bally Refrigeration","robots":{"index":"index","follow":"follow","max-snippet":"max-snippet:-1","max-image-preview":"max-image-preview:large","max-video-preview":"max-video-preview:-1"},"canonical":"https:\/\/b-rp.com\/fr\/propos-de-nous\/notre-engagement-envers-la-qualite","og_locale":"fr_FR","og_type":"article","og_title":"Notre engagement envers la qualit\u00e9","og_description":"Notre engagement envers la qualit&eacute; &Eacute;NONC&Eacute; DE MISSION Avec une approche FLEXIBLE et INNOVANTE ainsi qu\u2019un engagement envers la QUALIT\u00c9 et l\u2019AM\u00c9LIORATION CONTINUE, Bally Refrigeration s\u2019efforce de satisfaire nos CLIENTS, d\u2019\u00e9tablir des PARTENARIATS rentables \u00e0 long terme et de fournir un LEADERSHIP sur le march\u00e9. RELEVER LA BARRE Notre engagement envers un syst&egrave;me de gestion [&hellip;]","og_url":"https:\/\/b-rp.com\/fr\/propos-de-nous\/notre-engagement-envers-la-qualite","og_site_name":"Bally Refrigeration","article_modified_time":"2026-01-06T16:49:53+00:00","twitter_card":"summary_large_image","twitter_misc":{"Dur\u00e9e de lecture estim\u00e9e":"2 minutes"},"schema":{"@context":"https:\/\/schema.org","@graph":[{"@type":"WebPage","@id":"https:\/\/b-rp.com\/fr\/propos-de-nous\/notre-engagement-envers-la-qualite","url":"https:\/\/b-rp.com\/fr\/propos-de-nous\/notre-engagement-envers-la-qualite","name":"Notre engagement envers la qualit\u00e9 | Bally Refrigeration","isPartOf":{"@id":"https:\/\/b-rp.com\/fr#website"},"datePublished":"2024-05-06T17:34:43+00:00","dateModified":"2026-01-06T16:49:53+00:00","breadcrumb":{"@id":"https:\/\/b-rp.com\/fr\/propos-de-nous\/notre-engagement-envers-la-qualite#breadcrumb"},"inLanguage":"fr-FR","potentialAction":[{"@type":"ReadAction","target":["https:\/\/b-rp.com\/fr\/propos-de-nous\/notre-engagement-envers-la-qualite"]}]},{"@type":"BreadcrumbList","@id":"https:\/\/b-rp.com\/fr\/propos-de-nous\/notre-engagement-envers-la-qualite#breadcrumb","itemListElement":[{"@type":"ListItem","position":1,"name":"Page d'accueil","item":"https:\/\/b-rp.com\/fr"},{"@type":"ListItem","position":2,"name":"\u00c0 propos de nous","item":"https:\/\/b-rp.com\/fr\/propos-de-nous"},{"@type":"ListItem","position":3,"name":"Notre engagement envers la qualit\u00e9"}]},{"@type":"WebSite","@id":"https:\/\/b-rp.com\/fr#website","url":"https:\/\/b-rp.com\/fr","name":"Bally Refrigeration","description":"For 80 years, KeepRite Refrigeration has been a leader in the commercial refrigeration industry, offering solutions that best suit your needs.","publisher":{"@id":"https:\/\/b-rp.com\/fr#organization"},"potentialAction":[{"@type":"SearchAction","target":{"@type":"EntryPoint","urlTemplate":"https:\/\/b-rp.com\/fr?s={search_term_string}"},"query-input":{"@type":"PropertyValueSpecification","valueRequired":true,"valueName":"search_term_string"}}],"inLanguage":"fr-FR"},{"@type":"Organization","@id":"https:\/\/b-rp.com\/fr#organization","name":"Bally Refrigeration","url":"https:\/\/b-rp.com\/fr","logo":{"@type":"ImageObject","inLanguage":"fr-FR","@id":"https:\/\/b-rp.com\/fr#\/schema\/logo\/image\/","url":"https:\/\/b-rp.com\/assets\/uploads\/bally-logo.png","contentUrl":"https:\/\/b-rp.com\/assets\/uploads\/bally-logo.png","width":512,"height":299,"caption":"Bally Refrigeration"},"image":{"@id":"https:\/\/b-rp.com\/fr#\/schema\/logo\/image\/"}}]}},"_links":{"self":[{"href":"https:\/\/b-rp.com\/fr\/wp-json\/wp\/v2\/pages\/36335","targetHints":{"allow":["GET"]}}],"collection":[{"href":"https:\/\/b-rp.com\/fr\/wp-json\/wp\/v2\/pages"}],"about":[{"href":"https:\/\/b-rp.com\/fr\/wp-json\/wp\/v2\/types\/page"}],"author":[{"embeddable":true,"href":"https:\/\/b-rp.com\/fr\/wp-json\/wp\/v2\/users\/1"}],"replies":[{"embeddable":true,"href":"https:\/\/b-rp.com\/fr\/wp-json\/wp\/v2\/comments?post=36335"}],"version-history":[{"count":4,"href":"https:\/\/b-rp.com\/fr\/wp-json\/wp\/v2\/pages\/36335\/revisions"}],"predecessor-version":[{"id":41367,"href":"https:\/\/b-rp.com\/fr\/wp-json\/wp\/v2\/pages\/36335\/revisions\/41367"}],"up":[{"embeddable":true,"href":"https:\/\/b-rp.com\/fr\/wp-json\/wp\/v2\/pages\/36348"}],"wp:attachment":[{"href":"https:\/\/b-rp.com\/fr\/wp-json\/wp\/v2\/media?parent=36335"}],"curies":[{"name":"wp","href":"https:\/\/api.w.org\/{rel}","templated":true}]}}