{"id":36414,"date":"2024-07-16T11:09:55","date_gmt":"2024-07-16T15:09:55","guid":{"rendered":"https:\/\/krp.stageweb.net\/accessibilit"},"modified":"2025-06-16T17:42:57","modified_gmt":"2025-06-16T21:42:57","slug":"accessibilite","status":"publish","type":"page","link":"https:\/\/b-rp.com\/fr\/accessibilite","title":{"rendered":"Accessibilit\u00e9"},"content":{"rendered":"\t\t<div data-elementor-type=\"wp-page\" data-elementor-id=\"36414\" class=\"elementor elementor-36414 elementor-32259\" data-elementor-post-type=\"page\">\n\t\t\t\t<div class=\"elementor-element elementor-element-086973c e-flex e-con-boxed e-con e-parent\" data-id=\"086973c\" data-element_type=\"container\" data-e-type=\"container\" data-settings=\"{&quot;background_background&quot;:&quot;classic&quot;}\">\n\t\t\t\t\t<div class=\"e-con-inner\">\n\t\t<div class=\"elementor-element elementor-element-ab0a2bf e-con-full e-flex e-con e-child\" data-id=\"ab0a2bf\" data-element_type=\"container\" data-e-type=\"container\">\n\t\t\t\t<div class=\"elementor-element elementor-element-a37dcf2 links elementor-widget elementor-widget-text-editor\" data-id=\"a37dcf2\" data-element_type=\"widget\" data-e-type=\"widget\" data-widget_type=\"text-editor.default\">\n\t\t\t\t<div class=\"elementor-widget-container\">\n\t\t\t\t\t\t\t\t\t<p>Bally Refrigeration s&rsquo;engage \u00e0 cr\u00e9er un environnement inclusif et sans obstacle pour toutes les personnes, y compris les personnes handicap\u00e9es. Notre engagement en mati\u00e8re d\u2019accessibilit\u00e9 et de respect des exigences de la Loi sur l\u2019accessibilit\u00e9 pour les personnes handicap\u00e9es de l\u2019Ontario (LAPHO) et du R\u00e8glement sur les normes d\u2019accessibilit\u00e9 int\u00e9gr\u00e9es (RNAI) est d\u00e9crit dans notre Plan d\u2019accessibilit\u00e9 pluriannuel ci-dessous :<\/p><p><a role=\"link\" href=\"\/assets\/uploads\/Bally-Multi-Year-Accessibility-Plan-2023-2027-1.pdf\" target=\"_blank\" rel=\"noopener\">Plan d\u2019accessibilit\u00e9 pluriannuel (2023-2027)<\/a><\/p><p><strong>Commentaires et demandes<\/strong><br \/>Pour demander des documents ou d\u2019autres supports de communication dans un format alternatif ou pour nous faire part de vos commentaires sur votre exp\u00e9rience avec nous, veuillez nous contacter au 519\u00a0751-0444\/ 800\u00a0463-9517 ou\u00a0<a role=\"link\" href=\"mailto:info@b-rp.ca\">info@b-rp.ca<\/a><\/p>\t\t\t\t\t\t\t\t<\/div>\n\t\t\t\t<\/div>\n\t\t\t\t<\/div>\n\t\t\t\t\t<\/div>\n\t\t\t\t<\/div>\n\t\t\t\t<\/div>\n\t\t","protected":false},"excerpt":{"rendered":"<p>Bally Refrigeration s&rsquo;engage \u00e0 cr\u00e9er un environnement inclusif et sans obstacle pour toutes les personnes, y compris les personnes handicap\u00e9es. Notre engagement en mati\u00e8re d\u2019accessibilit\u00e9 et de respect des exigences de la Loi sur l\u2019accessibilit\u00e9 pour les personnes handicap\u00e9es de l\u2019Ontario (LAPHO) et du R\u00e8glement sur les normes d\u2019accessibilit\u00e9 int\u00e9gr\u00e9es (RNAI) est d\u00e9crit dans notre [&hellip;]<\/p>\n","protected":false},"author":1,"featured_media":0,"parent":0,"menu_order":0,"comment_status":"closed","ping_status":"closed","template":"","meta":{"_acf_changed":false,"footnotes":""},"class_list":["post-36414","page","type-page","status-publish","hentry"],"acf":[],"yoast_head":"<!-- This site is optimized with the Yoast SEO Premium plugin v27.3 (Yoast SEO v27.3) - https:\/\/yoast.com\/product\/yoast-seo-premium-wordpress\/ -->\n<title>Accessibilit\u00e9 | Bally Refrigeration<\/title>\n<meta name=\"robots\" content=\"index, follow, max-snippet:-1, max-image-preview:large, max-video-preview:-1\" \/>\n<link rel=\"canonical\" href=\"https:\/\/b-rp.com\/fr\/accessibilite\" \/>\n<meta property=\"og:locale\" content=\"fr_FR\" \/>\n<meta property=\"og:type\" content=\"article\" \/>\n<meta property=\"og:title\" content=\"Accessibilit\u00e9\" \/>\n<meta property=\"og:description\" content=\"Bally Refrigeration s&rsquo;engage \u00e0 cr\u00e9er un environnement inclusif et sans obstacle pour toutes les personnes, y compris les personnes handicap\u00e9es. Notre engagement en mati\u00e8re d\u2019accessibilit\u00e9 et de respect des exigences de la Loi sur l\u2019accessibilit\u00e9 pour les personnes handicap\u00e9es de l\u2019Ontario (LAPHO) et du R\u00e8glement sur les normes d\u2019accessibilit\u00e9 int\u00e9gr\u00e9es (RNAI) est d\u00e9crit dans notre [&hellip;]\" \/>\n<meta property=\"og:url\" content=\"https:\/\/b-rp.com\/fr\/accessibilite\" \/>\n<meta property=\"og:site_name\" content=\"Bally Refrigeration\" \/>\n<meta property=\"article:modified_time\" content=\"2025-06-16T21:42:57+00:00\" \/>\n<meta name=\"twitter:card\" content=\"summary_large_image\" \/>\n<meta name=\"twitter:label1\" content=\"Dur\u00e9e de lecture estim\u00e9e\" \/>\n\t<meta name=\"twitter:data1\" content=\"1 minute\" \/>\n<script type=\"application\/ld+json\" class=\"yoast-schema-graph\">{\"@context\":\"https:\\\/\\\/schema.org\",\"@graph\":[{\"@type\":\"WebPage\",\"@id\":\"https:\\\/\\\/b-rp.com\\\/fr\\\/accessibilite\",\"url\":\"https:\\\/\\\/b-rp.com\\\/fr\\\/accessibilite\",\"name\":\"Accessibilit\u00e9 | Bally Refrigeration\",\"isPartOf\":{\"@id\":\"https:\\\/\\\/b-rp.com\\\/fr#website\"},\"datePublished\":\"2024-07-16T15:09:55+00:00\",\"dateModified\":\"2025-06-16T21:42:57+00:00\",\"breadcrumb\":{\"@id\":\"https:\\\/\\\/b-rp.com\\\/fr\\\/accessibilite#breadcrumb\"},\"inLanguage\":\"fr-FR\",\"potentialAction\":[{\"@type\":\"ReadAction\",\"target\":[\"https:\\\/\\\/b-rp.com\\\/fr\\\/accessibilite\"]}]},{\"@type\":\"BreadcrumbList\",\"@id\":\"https:\\\/\\\/b-rp.com\\\/fr\\\/accessibilite#breadcrumb\",\"itemListElement\":[{\"@type\":\"ListItem\",\"position\":1,\"name\":\"Page d'accueil\",\"item\":\"https:\\\/\\\/b-rp.com\\\/fr\"},{\"@type\":\"ListItem\",\"position\":2,\"name\":\"Accessibilit\u00e9\"}]},{\"@type\":\"WebSite\",\"@id\":\"https:\\\/\\\/b-rp.com\\\/fr#website\",\"url\":\"https:\\\/\\\/b-rp.com\\\/fr\",\"name\":\"Bally Refrigeration\",\"description\":\"For 80 years, KeepRite Refrigeration has been a leader in the commercial refrigeration industry, offering solutions that best suit your needs.\",\"publisher\":{\"@id\":\"https:\\\/\\\/b-rp.com\\\/fr#organization\"},\"potentialAction\":[{\"@type\":\"SearchAction\",\"target\":{\"@type\":\"EntryPoint\",\"urlTemplate\":\"https:\\\/\\\/b-rp.com\\\/fr?s={search_term_string}\"},\"query-input\":{\"@type\":\"PropertyValueSpecification\",\"valueRequired\":true,\"valueName\":\"search_term_string\"}}],\"inLanguage\":\"fr-FR\"},{\"@type\":\"Organization\",\"@id\":\"https:\\\/\\\/b-rp.com\\\/fr#organization\",\"name\":\"Bally Refrigeration\",\"url\":\"https:\\\/\\\/b-rp.com\\\/fr\",\"logo\":{\"@type\":\"ImageObject\",\"inLanguage\":\"fr-FR\",\"@id\":\"https:\\\/\\\/b-rp.com\\\/fr#\\\/schema\\\/logo\\\/image\\\/\",\"url\":\"https:\\\/\\\/b-rp.com\\\/assets\\\/uploads\\\/bally-logo.png\",\"contentUrl\":\"https:\\\/\\\/b-rp.com\\\/assets\\\/uploads\\\/bally-logo.png\",\"width\":512,\"height\":299,\"caption\":\"Bally Refrigeration\"},\"image\":{\"@id\":\"https:\\\/\\\/b-rp.com\\\/fr#\\\/schema\\\/logo\\\/image\\\/\"}}]}<\/script>\n<!-- \/ Yoast SEO Premium plugin. -->","yoast_head_json":{"title":"Accessibilit\u00e9 | Bally Refrigeration","robots":{"index":"index","follow":"follow","max-snippet":"max-snippet:-1","max-image-preview":"max-image-preview:large","max-video-preview":"max-video-preview:-1"},"canonical":"https:\/\/b-rp.com\/fr\/accessibilite","og_locale":"fr_FR","og_type":"article","og_title":"Accessibilit\u00e9","og_description":"Bally Refrigeration s&rsquo;engage \u00e0 cr\u00e9er un environnement inclusif et sans obstacle pour toutes les personnes, y compris les personnes handicap\u00e9es. Notre engagement en mati\u00e8re d\u2019accessibilit\u00e9 et de respect des exigences de la Loi sur l\u2019accessibilit\u00e9 pour les personnes handicap\u00e9es de l\u2019Ontario (LAPHO) et du R\u00e8glement sur les normes d\u2019accessibilit\u00e9 int\u00e9gr\u00e9es (RNAI) est d\u00e9crit dans notre [&hellip;]","og_url":"https:\/\/b-rp.com\/fr\/accessibilite","og_site_name":"Bally Refrigeration","article_modified_time":"2025-06-16T21:42:57+00:00","twitter_card":"summary_large_image","twitter_misc":{"Dur\u00e9e de lecture estim\u00e9e":"1 minute"},"schema":{"@context":"https:\/\/schema.org","@graph":[{"@type":"WebPage","@id":"https:\/\/b-rp.com\/fr\/accessibilite","url":"https:\/\/b-rp.com\/fr\/accessibilite","name":"Accessibilit\u00e9 | Bally Refrigeration","isPartOf":{"@id":"https:\/\/b-rp.com\/fr#website"},"datePublished":"2024-07-16T15:09:55+00:00","dateModified":"2025-06-16T21:42:57+00:00","breadcrumb":{"@id":"https:\/\/b-rp.com\/fr\/accessibilite#breadcrumb"},"inLanguage":"fr-FR","potentialAction":[{"@type":"ReadAction","target":["https:\/\/b-rp.com\/fr\/accessibilite"]}]},{"@type":"BreadcrumbList","@id":"https:\/\/b-rp.com\/fr\/accessibilite#breadcrumb","itemListElement":[{"@type":"ListItem","position":1,"name":"Page d'accueil","item":"https:\/\/b-rp.com\/fr"},{"@type":"ListItem","position":2,"name":"Accessibilit\u00e9"}]},{"@type":"WebSite","@id":"https:\/\/b-rp.com\/fr#website","url":"https:\/\/b-rp.com\/fr","name":"Bally Refrigeration","description":"For 80 years, KeepRite Refrigeration has been a leader in the commercial refrigeration industry, offering solutions that best suit your needs.","publisher":{"@id":"https:\/\/b-rp.com\/fr#organization"},"potentialAction":[{"@type":"SearchAction","target":{"@type":"EntryPoint","urlTemplate":"https:\/\/b-rp.com\/fr?s={search_term_string}"},"query-input":{"@type":"PropertyValueSpecification","valueRequired":true,"valueName":"search_term_string"}}],"inLanguage":"fr-FR"},{"@type":"Organization","@id":"https:\/\/b-rp.com\/fr#organization","name":"Bally Refrigeration","url":"https:\/\/b-rp.com\/fr","logo":{"@type":"ImageObject","inLanguage":"fr-FR","@id":"https:\/\/b-rp.com\/fr#\/schema\/logo\/image\/","url":"https:\/\/b-rp.com\/assets\/uploads\/bally-logo.png","contentUrl":"https:\/\/b-rp.com\/assets\/uploads\/bally-logo.png","width":512,"height":299,"caption":"Bally Refrigeration"},"image":{"@id":"https:\/\/b-rp.com\/fr#\/schema\/logo\/image\/"}}]}},"_links":{"self":[{"href":"https:\/\/b-rp.com\/fr\/wp-json\/wp\/v2\/pages\/36414","targetHints":{"allow":["GET"]}}],"collection":[{"href":"https:\/\/b-rp.com\/fr\/wp-json\/wp\/v2\/pages"}],"about":[{"href":"https:\/\/b-rp.com\/fr\/wp-json\/wp\/v2\/types\/page"}],"author":[{"embeddable":true,"href":"https:\/\/b-rp.com\/fr\/wp-json\/wp\/v2\/users\/1"}],"replies":[{"embeddable":true,"href":"https:\/\/b-rp.com\/fr\/wp-json\/wp\/v2\/comments?post=36414"}],"version-history":[{"count":0,"href":"https:\/\/b-rp.com\/fr\/wp-json\/wp\/v2\/pages\/36414\/revisions"}],"wp:attachment":[{"href":"https:\/\/b-rp.com\/fr\/wp-json\/wp\/v2\/media?parent=36414"}],"curies":[{"name":"wp","href":"https:\/\/api.w.org\/{rel}","templated":true}]}}