{"id":36156,"date":"2024-04-08T13:08:51","date_gmt":"2024-04-08T17:08:51","guid":{"rendered":"https:\/\/krp.stageweb.net\/product\/khp-vaporateurs-profil-lev"},"modified":"2026-01-21T13:14:18","modified_gmt":"2026-01-21T18:14:18","slug":"bhp-evaporateurs-a-profil-eleve","status":"publish","type":"product","link":"https:\/\/b-rp.com\/fr\/product\/bhp-evaporateurs-a-profil-eleve","title":{"rendered":"BHP \u2013 \u00c9vaporateurs \u00e0 profil \u00e9lev\u00e9"},"featured_media":41448,"parent":0,"template":"","meta":{"_acf_changed":false},"model-series":[70],"product-category":[205],"class_list":["post-36156","product","type-product","status-publish","has-post-thumbnail","hentry","model-series-bhp","product-category-evaporateurs"],"acf":[],"yoast_head":"<!-- This site is optimized with the Yoast SEO Premium plugin v27.3 (Yoast SEO v27.3) - https:\/\/yoast.com\/product\/yoast-seo-premium-wordpress\/ -->\n<title>BHP \u2013 \u00c9vaporateurs \u00e0 profil \u00e9lev\u00e9 | Bally Refrigeration<\/title>\n<meta name=\"robots\" content=\"index, follow, max-snippet:-1, max-image-preview:large, max-video-preview:-1\" \/>\n<link rel=\"canonical\" href=\"https:\/\/b-rp.com\/fr\/product\/bhp-evaporateurs-a-profil-eleve\" \/>\n<meta property=\"og:locale\" content=\"fr_FR\" \/>\n<meta property=\"og:type\" content=\"article\" \/>\n<meta property=\"og:title\" content=\"BHP \u2013 \u00c9vaporateurs \u00e0 profil \u00e9lev\u00e9\" \/>\n<meta property=\"og:url\" content=\"https:\/\/b-rp.com\/fr\/product\/bhp-evaporateurs-a-profil-eleve\" \/>\n<meta property=\"og:site_name\" content=\"Bally Refrigeration\" \/>\n<meta property=\"article:modified_time\" content=\"2026-01-21T18:14:18+00:00\" \/>\n<meta property=\"og:image\" content=\"https:\/\/b-rp.com\/assets\/uploads\/BHP-Product-Page-Available-To-Order-FR.png\" \/>\n\t<meta property=\"og:image:width\" content=\"1000\" \/>\n\t<meta property=\"og:image:height\" content=\"650\" \/>\n\t<meta property=\"og:image:type\" content=\"image\/png\" \/>\n<meta name=\"twitter:card\" content=\"summary_large_image\" \/>\n<meta name=\"twitter:label1\" content=\"Dur\u00e9e de lecture estim\u00e9e\" \/>\n\t<meta name=\"twitter:data1\" content=\"1 minute\" \/>\n<script type=\"application\/ld+json\" class=\"yoast-schema-graph\">{\"@context\":\"https:\\\/\\\/schema.org\",\"@graph\":[{\"@type\":\"WebPage\",\"@id\":\"https:\\\/\\\/b-rp.com\\\/fr\\\/product\\\/bhp-evaporateurs-a-profil-eleve\",\"url\":\"https:\\\/\\\/b-rp.com\\\/fr\\\/product\\\/bhp-evaporateurs-a-profil-eleve\",\"name\":\"BHP \u2013 \u00c9vaporateurs \u00e0 profil \u00e9lev\u00e9 | Bally Refrigeration\",\"isPartOf\":{\"@id\":\"https:\\\/\\\/b-rp.com\\\/fr#website\"},\"primaryImageOfPage\":{\"@id\":\"https:\\\/\\\/b-rp.com\\\/fr\\\/product\\\/bhp-evaporateurs-a-profil-eleve#primaryimage\"},\"image\":{\"@id\":\"https:\\\/\\\/b-rp.com\\\/fr\\\/product\\\/bhp-evaporateurs-a-profil-eleve#primaryimage\"},\"thumbnailUrl\":\"https:\\\/\\\/b-rp.com\\\/assets\\\/uploads\\\/BHP-Product-Page-Available-To-Order-FR.png\",\"datePublished\":\"2024-04-08T17:08:51+00:00\",\"dateModified\":\"2026-01-21T18:14:18+00:00\",\"breadcrumb\":{\"@id\":\"https:\\\/\\\/b-rp.com\\\/fr\\\/product\\\/bhp-evaporateurs-a-profil-eleve#breadcrumb\"},\"inLanguage\":\"fr-FR\",\"potentialAction\":[{\"@type\":\"ReadAction\",\"target\":[\"https:\\\/\\\/b-rp.com\\\/fr\\\/product\\\/bhp-evaporateurs-a-profil-eleve\"]}]},{\"@type\":\"ImageObject\",\"inLanguage\":\"fr-FR\",\"@id\":\"https:\\\/\\\/b-rp.com\\\/fr\\\/product\\\/bhp-evaporateurs-a-profil-eleve#primaryimage\",\"url\":\"https:\\\/\\\/b-rp.com\\\/assets\\\/uploads\\\/BHP-Product-Page-Available-To-Order-FR.png\",\"contentUrl\":\"https:\\\/\\\/b-rp.com\\\/assets\\\/uploads\\\/BHP-Product-Page-Available-To-Order-FR.png\",\"width\":1000,\"height\":650},{\"@type\":\"BreadcrumbList\",\"@id\":\"https:\\\/\\\/b-rp.com\\\/fr\\\/product\\\/bhp-evaporateurs-a-profil-eleve#breadcrumb\",\"itemListElement\":[{\"@type\":\"ListItem\",\"position\":1,\"name\":\"Page d'accueil\",\"item\":\"https:\\\/\\\/b-rp.com\\\/fr\"},{\"@type\":\"ListItem\",\"position\":2,\"name\":\"\u00c9vaporateurs\",\"item\":\"https:\\\/\\\/b-rp.com\\\/fr\\\/categorie-produit\\\/evaporateurs\"},{\"@type\":\"ListItem\",\"position\":3,\"name\":\"BHP \u2013 \u00c9vaporateurs \u00e0 profil \u00e9lev\u00e9\"}]},{\"@type\":\"WebSite\",\"@id\":\"https:\\\/\\\/b-rp.com\\\/fr#website\",\"url\":\"https:\\\/\\\/b-rp.com\\\/fr\",\"name\":\"Bally Refrigeration\",\"description\":\"For 80 years, KeepRite Refrigeration has been a leader in the commercial refrigeration industry, offering solutions that best suit your needs.\",\"publisher\":{\"@id\":\"https:\\\/\\\/b-rp.com\\\/fr#organization\"},\"potentialAction\":[{\"@type\":\"SearchAction\",\"target\":{\"@type\":\"EntryPoint\",\"urlTemplate\":\"https:\\\/\\\/b-rp.com\\\/fr?s={search_term_string}\"},\"query-input\":{\"@type\":\"PropertyValueSpecification\",\"valueRequired\":true,\"valueName\":\"search_term_string\"}}],\"inLanguage\":\"fr-FR\"},{\"@type\":\"Organization\",\"@id\":\"https:\\\/\\\/b-rp.com\\\/fr#organization\",\"name\":\"Bally Refrigeration\",\"url\":\"https:\\\/\\\/b-rp.com\\\/fr\",\"logo\":{\"@type\":\"ImageObject\",\"inLanguage\":\"fr-FR\",\"@id\":\"https:\\\/\\\/b-rp.com\\\/fr#\\\/schema\\\/logo\\\/image\\\/\",\"url\":\"https:\\\/\\\/b-rp.com\\\/assets\\\/uploads\\\/bally-logo.png\",\"contentUrl\":\"https:\\\/\\\/b-rp.com\\\/assets\\\/uploads\\\/bally-logo.png\",\"width\":512,\"height\":299,\"caption\":\"Bally Refrigeration\"},\"image\":{\"@id\":\"https:\\\/\\\/b-rp.com\\\/fr#\\\/schema\\\/logo\\\/image\\\/\"}}]}<\/script>\n<!-- \/ Yoast SEO Premium plugin. -->","yoast_head_json":{"title":"BHP \u2013 \u00c9vaporateurs \u00e0 profil \u00e9lev\u00e9 | Bally Refrigeration","robots":{"index":"index","follow":"follow","max-snippet":"max-snippet:-1","max-image-preview":"max-image-preview:large","max-video-preview":"max-video-preview:-1"},"canonical":"https:\/\/b-rp.com\/fr\/product\/bhp-evaporateurs-a-profil-eleve","og_locale":"fr_FR","og_type":"article","og_title":"BHP \u2013 \u00c9vaporateurs \u00e0 profil \u00e9lev\u00e9","og_url":"https:\/\/b-rp.com\/fr\/product\/bhp-evaporateurs-a-profil-eleve","og_site_name":"Bally Refrigeration","article_modified_time":"2026-01-21T18:14:18+00:00","og_image":[{"width":1000,"height":650,"url":"https:\/\/b-rp.com\/assets\/uploads\/BHP-Product-Page-Available-To-Order-FR.png","type":"image\/png"}],"twitter_card":"summary_large_image","twitter_misc":{"Dur\u00e9e de lecture estim\u00e9e":"1 minute"},"schema":{"@context":"https:\/\/schema.org","@graph":[{"@type":"WebPage","@id":"https:\/\/b-rp.com\/fr\/product\/bhp-evaporateurs-a-profil-eleve","url":"https:\/\/b-rp.com\/fr\/product\/bhp-evaporateurs-a-profil-eleve","name":"BHP \u2013 \u00c9vaporateurs \u00e0 profil \u00e9lev\u00e9 | Bally Refrigeration","isPartOf":{"@id":"https:\/\/b-rp.com\/fr#website"},"primaryImageOfPage":{"@id":"https:\/\/b-rp.com\/fr\/product\/bhp-evaporateurs-a-profil-eleve#primaryimage"},"image":{"@id":"https:\/\/b-rp.com\/fr\/product\/bhp-evaporateurs-a-profil-eleve#primaryimage"},"thumbnailUrl":"https:\/\/b-rp.com\/assets\/uploads\/BHP-Product-Page-Available-To-Order-FR.png","datePublished":"2024-04-08T17:08:51+00:00","dateModified":"2026-01-21T18:14:18+00:00","breadcrumb":{"@id":"https:\/\/b-rp.com\/fr\/product\/bhp-evaporateurs-a-profil-eleve#breadcrumb"},"inLanguage":"fr-FR","potentialAction":[{"@type":"ReadAction","target":["https:\/\/b-rp.com\/fr\/product\/bhp-evaporateurs-a-profil-eleve"]}]},{"@type":"ImageObject","inLanguage":"fr-FR","@id":"https:\/\/b-rp.com\/fr\/product\/bhp-evaporateurs-a-profil-eleve#primaryimage","url":"https:\/\/b-rp.com\/assets\/uploads\/BHP-Product-Page-Available-To-Order-FR.png","contentUrl":"https:\/\/b-rp.com\/assets\/uploads\/BHP-Product-Page-Available-To-Order-FR.png","width":1000,"height":650},{"@type":"BreadcrumbList","@id":"https:\/\/b-rp.com\/fr\/product\/bhp-evaporateurs-a-profil-eleve#breadcrumb","itemListElement":[{"@type":"ListItem","position":1,"name":"Page d'accueil","item":"https:\/\/b-rp.com\/fr"},{"@type":"ListItem","position":2,"name":"\u00c9vaporateurs","item":"https:\/\/b-rp.com\/fr\/categorie-produit\/evaporateurs"},{"@type":"ListItem","position":3,"name":"BHP \u2013 \u00c9vaporateurs \u00e0 profil \u00e9lev\u00e9"}]},{"@type":"WebSite","@id":"https:\/\/b-rp.com\/fr#website","url":"https:\/\/b-rp.com\/fr","name":"Bally Refrigeration","description":"For 80 years, KeepRite Refrigeration has been a leader in the commercial refrigeration industry, offering solutions that best suit your needs.","publisher":{"@id":"https:\/\/b-rp.com\/fr#organization"},"potentialAction":[{"@type":"SearchAction","target":{"@type":"EntryPoint","urlTemplate":"https:\/\/b-rp.com\/fr?s={search_term_string}"},"query-input":{"@type":"PropertyValueSpecification","valueRequired":true,"valueName":"search_term_string"}}],"inLanguage":"fr-FR"},{"@type":"Organization","@id":"https:\/\/b-rp.com\/fr#organization","name":"Bally Refrigeration","url":"https:\/\/b-rp.com\/fr","logo":{"@type":"ImageObject","inLanguage":"fr-FR","@id":"https:\/\/b-rp.com\/fr#\/schema\/logo\/image\/","url":"https:\/\/b-rp.com\/assets\/uploads\/bally-logo.png","contentUrl":"https:\/\/b-rp.com\/assets\/uploads\/bally-logo.png","width":512,"height":299,"caption":"Bally Refrigeration"},"image":{"@id":"https:\/\/b-rp.com\/fr#\/schema\/logo\/image\/"}}]}},"_links":{"self":[{"href":"https:\/\/b-rp.com\/fr\/wp-json\/wp\/v2\/product\/36156","targetHints":{"allow":["GET"]}}],"collection":[{"href":"https:\/\/b-rp.com\/fr\/wp-json\/wp\/v2\/product"}],"about":[{"href":"https:\/\/b-rp.com\/fr\/wp-json\/wp\/v2\/types\/product"}],"wp:featuredmedia":[{"embeddable":true,"href":"https:\/\/b-rp.com\/fr\/wp-json\/wp\/v2\/media\/41448"}],"wp:attachment":[{"href":"https:\/\/b-rp.com\/fr\/wp-json\/wp\/v2\/media?parent=36156"}],"wp:term":[{"taxonomy":"model-series","embeddable":true,"href":"https:\/\/b-rp.com\/fr\/wp-json\/wp\/v2\/model-series?post=36156"},{"taxonomy":"product-category","embeddable":true,"href":"https:\/\/b-rp.com\/fr\/wp-json\/wp\/v2\/product-category?post=36156"}],"curies":[{"name":"wp","href":"https:\/\/api.w.org\/{rel}","templated":true}]}}